{"id":168,"date":"2026-04-05T20:49:53","date_gmt":"2026-04-05T20:49:53","guid":{"rendered":"https:\/\/grandoffice.fr\/?page_id=168"},"modified":"2026-04-14T13:14:56","modified_gmt":"2026-04-14T13:14:56","slug":"contact","status":"publish","type":"page","link":"https:\/\/grandoffice.fr\/index.php\/contact\/","title":{"rendered":"Contact"},"content":{"rendered":"\t\t<div data-elementor-type=\"wp-page\" data-elementor-id=\"168\" class=\"elementor elementor-168\">\n\t\t\t\t<div class=\"elementor-element elementor-element-6fd4c5f e-flex e-con-boxed e-con e-parent\" data-id=\"6fd4c5f\" data-element_type=\"container\" data-e-type=\"container\" data-settings=\"{&quot;background_background&quot;:&quot;classic&quot;}\">\n\t\t\t\t\t<div class=\"e-con-inner\">\n\t\t\t\t<div class=\"elementor-element elementor-element-82cb5ee elementor-widget elementor-widget-spacer\" data-id=\"82cb5ee\" data-element_type=\"widget\" data-e-type=\"widget\" data-widget_type=\"spacer.default\">\n\t\t\t\t\t\t\t<div class=\"elementor-spacer\">\n\t\t\t<div class=\"elementor-spacer-inner\"><\/div>\n\t\t<\/div>\n\t\t\t\t\t\t<\/div>\n\t\t\t\t\t<\/div>\n\t\t\t\t<\/div>\n\t\t<div class=\"elementor-element elementor-element-05f447d e-flex e-con-boxed e-con e-parent\" data-id=\"05f447d\" data-element_type=\"container\" data-e-type=\"container\" data-settings=\"{&quot;background_background&quot;:&quot;classic&quot;}\">\n\t\t\t\t\t<div class=\"e-con-inner\">\n\t\t<div class=\"elementor-element elementor-element-05fd79c e-con-full e-flex e-con e-child\" data-id=\"05fd79c\" data-element_type=\"container\" data-e-type=\"container\">\n\t\t\t\t<div class=\"elementor-element elementor-element-96a0536 elementor-widget elementor-widget-heading\" data-id=\"96a0536\" data-element_type=\"widget\" data-e-type=\"widget\" data-widget_type=\"heading.default\">\n\t\t\t\t\t<h2 class=\"elementor-heading-title elementor-size-default\">Un accompagnement sur mesure pour donner vie \u00e0 vos \u00e9v\u00e9nements<\/h2>\t\t\t\t<\/div>\n\t\t<div class=\"elementor-element elementor-element-f21eeec e-con-full e-flex e-con e-child\" data-id=\"f21eeec\" data-element_type=\"container\" data-e-type=\"container\">\n\t\t\t\t<div class=\"elementor-element elementor-element-c6c8c87 elementor-widget elementor-widget-button\" data-id=\"c6c8c87\" data-element_type=\"widget\" data-e-type=\"widget\" data-widget_type=\"button.default\">\n\t\t\t\t\t\t\t\t\t\t<a class=\"elementor-button elementor-button-link elementor-size-sm elementor-animation-grow\" href=\"tel:0326083027\">\n\t\t\t\t\t\t<span class=\"elementor-button-content-wrapper\">\n\t\t\t\t\t\t<span class=\"elementor-button-icon\">\n\t\t\t\t<svg aria-hidden=\"true\" class=\"e-font-icon-svg e-fas-phone-alt\" viewBox=\"0 0 512 512\" xmlns=\"http:\/\/www.w3.org\/2000\/svg\"><path d=\"M497.39 361.8l-112-48a24 24 0 0 0-28 6.9l-49.6 60.6A370.66 370.66 0 0 1 130.6 204.11l60.6-49.6a23.94 23.94 0 0 0 6.9-28l-48-112A24.16 24.16 0 0 0 122.6.61l-104 24A24 24 0 0 0 0 48c0 256.5 207.9 464 464 464a24 24 0 0 0 23.4-18.6l24-104a24.29 24.29 0 0 0-14.01-27.6z\"><\/path><\/svg>\t\t\t<\/span>\n\t\t\t\t\t\t\t\t\t<span class=\"elementor-button-text\">03 26 08 30 27<\/span>\n\t\t\t\t\t<\/span>\n\t\t\t\t\t<\/a>\n\t\t\t\t\t\t\t\t<\/div>\n\t\t\t\t<div class=\"elementor-element elementor-element-28ef433 elementor-widget elementor-widget-button\" data-id=\"28ef433\" data-element_type=\"widget\" data-e-type=\"widget\" data-widget_type=\"button.default\">\n\t\t\t\t\t\t\t\t\t\t<a class=\"elementor-button elementor-button-link elementor-size-sm elementor-animation-grow\" href=\"mailto:commercial@grandoffice.fr\">\n\t\t\t\t\t\t<span class=\"elementor-button-content-wrapper\">\n\t\t\t\t\t\t<span class=\"elementor-button-icon\">\n\t\t\t\t<svg aria-hidden=\"true\" class=\"e-font-icon-svg e-fas-comment-alt\" viewBox=\"0 0 512 512\" xmlns=\"http:\/\/www.w3.org\/2000\/svg\"><path d=\"M448 0H64C28.7 0 0 28.7 0 64v288c0 35.3 28.7 64 64 64h96v84c0 9.8 11.2 15.5 19.1 9.7L304 416h144c35.3 0 64-28.7 64-64V64c0-35.3-28.7-64-64-64z\"><\/path><\/svg>\t\t\t<\/span>\n\t\t\t\t\t\t\t\t\t<span class=\"elementor-button-text\">commercial@grandoffice.fr<\/span>\n\t\t\t\t\t<\/span>\n\t\t\t\t\t<\/a>\n\t\t\t\t\t\t\t\t<\/div>\n\t\t\t\t<\/div>\n\t\t\t\t<\/div>\n\t\t\t\t\t<\/div>\n\t\t\t\t<\/div>\n\t\t\t\t<\/div>\n\t\t","protected":false},"excerpt":{"rendered":"<p>Un accompagnement sur mesure pour donner vie \u00e0 vos \u00e9v\u00e9nements 03 26 08 30 27 commercial@grandoffice.fr<\/p>\n","protected":false},"author":2,"featured_media":488,"parent":0,"menu_order":0,"comment_status":"closed","ping_status":"closed","template":"elementor_header_footer","meta":{"site-sidebar-layout":"no-sidebar","site-content-layout":"","ast-site-content-layout":"full-width-container","site-content-style":"default","site-sidebar-style":"default","ast-global-header-display":"","ast-banner-title-visibility":"","ast-main-header-display":"","ast-hfb-above-header-display":"","ast-hfb-below-header-display":"","ast-hfb-mobile-header-display":"","site-post-title":"","ast-breadcrumbs-content":"","ast-featured-img":"disabled","footer-sml-layout":"","ast-disable-related-posts":"","theme-transparent-header-meta":"","adv-header-id-meta":"","stick-header-meta":"","header-above-stick-meta":"","header-main-stick-meta":"","header-below-stick-meta":"","astra-migrate-meta-layouts":"default","ast-page-background-enabled":"default","ast-page-background-meta":{"desktop":{"background-color":"var(--ast-global-color-5)","background-image":"","background-repeat":"repeat","background-position":"center center","background-size":"auto","background-attachment":"scroll","background-type":"","background-media":"","overlay-type":"","overlay-color":"","overlay-opacity":"","overlay-gradient":""},"tablet":{"background-color":"","background-image":"","background-repeat":"repeat","background-position":"center center","background-size":"auto","background-attachment":"scroll","background-type":"","background-media":"","overlay-type":"","overlay-color":"","overlay-opacity":"","overlay-gradient":""},"mobile":{"background-color":"","background-image":"","background-repeat":"repeat","background-position":"center center","background-size":"auto","background-attachment":"scroll","background-type":"","background-media":"","overlay-type":"","overlay-color":"","overlay-opacity":"","overlay-gradient":""}},"ast-content-background-meta":{"desktop":{"background-color":"var(--ast-global-color-4)","background-image":"","background-repeat":"repeat","background-position":"center center","background-size":"auto","background-attachment":"scroll","background-type":"","background-media":"","overlay-type":"","overlay-color":"","overlay-opacity":"","overlay-gradient":""},"tablet":{"background-color":"var(--ast-global-color-4)","background-image":"","background-repeat":"repeat","background-position":"center center","background-size":"auto","background-attachment":"scroll","background-type":"","background-media":"","overlay-type":"","overlay-color":"","overlay-opacity":"","overlay-gradient":""},"mobile":{"background-color":"var(--ast-global-color-4)","background-image":"","background-repeat":"repeat","background-position":"center center","background-size":"auto","background-attachment":"scroll","background-type":"","background-media":"","overlay-type":"","overlay-color":"","overlay-opacity":"","overlay-gradient":""}},"footnotes":""},"class_list":["post-168","page","type-page","status-publish","has-post-thumbnail","hentry"],"yoast_head":"<!-- This site is optimized with the Yoast SEO plugin v27.4 - https:\/\/yoast.com\/product\/yoast-seo-wordpress\/ -->\n<title>Grand Office - Contactez-nous<\/title>\n<meta name=\"description\" content=\"Contactez-nous pour vos \u00e9v\u00e9nements sur-mesure. Notre \u00e9quipe vous accompagne pour cr\u00e9er une prestation haut de gamme en Champagne.\" \/>\n<meta name=\"robots\" content=\"index, follow, max-snippet:-1, max-image-preview:large, max-video-preview:-1\" \/>\n<link rel=\"canonical\" href=\"https:\/\/grandoffice.fr\/index.php\/contact\/\" \/>\n<meta property=\"og:locale\" content=\"fr_FR\" \/>\n<meta property=\"og:type\" content=\"article\" \/>\n<meta property=\"og:title\" content=\"Grand Office - Contactez-nous\" \/>\n<meta property=\"og:description\" content=\"Contactez-nous pour vos \u00e9v\u00e9nements sur-mesure. Notre \u00e9quipe vous accompagne pour cr\u00e9er une prestation haut de gamme en Champagne.\" \/>\n<meta property=\"og:url\" content=\"https:\/\/grandoffice.fr\/index.php\/contact\/\" \/>\n<meta property=\"article:publisher\" content=\"https:\/\/www.facebook.com\/profile.php?id=61573310752279\" \/>\n<meta property=\"article:modified_time\" content=\"2026-04-14T13:14:56+00:00\" \/>\n<meta property=\"og:image\" content=\"https:\/\/grandoffice.fr\/wp-content\/uploads\/2026\/04\/Traiteur-Reims-Grand-Office.png\" \/>\n\t<meta property=\"og:image:width\" content=\"1680\" \/>\n\t<meta property=\"og:image:height\" content=\"945\" \/>\n\t<meta property=\"og:image:type\" content=\"image\/png\" \/>\n<meta name=\"twitter:card\" content=\"summary_large_image\" \/>\n<meta name=\"twitter:label1\" content=\"Dur\u00e9e de lecture estim\u00e9e\" \/>\n\t<meta name=\"twitter:data1\" content=\"1 minute\" \/>\n<script type=\"application\/ld+json\" class=\"yoast-schema-graph\">{\"@context\":\"https:\\\/\\\/schema.org\",\"@graph\":[{\"@type\":\"WebPage\",\"@id\":\"https:\\\/\\\/grandoffice.fr\\\/index.php\\\/contact\\\/\",\"url\":\"https:\\\/\\\/grandoffice.fr\\\/index.php\\\/contact\\\/\",\"name\":\"Grand Office - Contactez-nous\",\"isPartOf\":{\"@id\":\"http:\\\/\\\/grandoffice.fr\\\/#website\"},\"primaryImageOfPage\":{\"@id\":\"https:\\\/\\\/grandoffice.fr\\\/index.php\\\/contact\\\/#primaryimage\"},\"image\":{\"@id\":\"https:\\\/\\\/grandoffice.fr\\\/index.php\\\/contact\\\/#primaryimage\"},\"thumbnailUrl\":\"https:\\\/\\\/grandoffice.fr\\\/wp-content\\\/uploads\\\/2026\\\/04\\\/Traiteur-Reims-Grand-Office.png\",\"datePublished\":\"2026-04-05T20:49:53+00:00\",\"dateModified\":\"2026-04-14T13:14:56+00:00\",\"description\":\"Contactez-nous pour vos \u00e9v\u00e9nements sur-mesure. Notre \u00e9quipe vous accompagne pour cr\u00e9er une prestation haut de gamme en Champagne.\",\"breadcrumb\":{\"@id\":\"https:\\\/\\\/grandoffice.fr\\\/index.php\\\/contact\\\/#breadcrumb\"},\"inLanguage\":\"fr-FR\",\"potentialAction\":[{\"@type\":\"ReadAction\",\"target\":[\"https:\\\/\\\/grandoffice.fr\\\/index.php\\\/contact\\\/\"]}]},{\"@type\":\"ImageObject\",\"inLanguage\":\"fr-FR\",\"@id\":\"https:\\\/\\\/grandoffice.fr\\\/index.php\\\/contact\\\/#primaryimage\",\"url\":\"https:\\\/\\\/grandoffice.fr\\\/wp-content\\\/uploads\\\/2026\\\/04\\\/Traiteur-Reims-Grand-Office.png\",\"contentUrl\":\"https:\\\/\\\/grandoffice.fr\\\/wp-content\\\/uploads\\\/2026\\\/04\\\/Traiteur-Reims-Grand-Office.png\",\"width\":1680,\"height\":945},{\"@type\":\"BreadcrumbList\",\"@id\":\"https:\\\/\\\/grandoffice.fr\\\/index.php\\\/contact\\\/#breadcrumb\",\"itemListElement\":[{\"@type\":\"ListItem\",\"position\":1,\"name\":\"Accueil\",\"item\":\"http:\\\/\\\/grandoffice.fr\\\/\"},{\"@type\":\"ListItem\",\"position\":2,\"name\":\"Contact\"}]},{\"@type\":\"WebSite\",\"@id\":\"http:\\\/\\\/grandoffice.fr\\\/#website\",\"url\":\"http:\\\/\\\/grandoffice.fr\\\/\",\"name\":\"Grand Office\",\"description\":\"\",\"publisher\":{\"@id\":\"http:\\\/\\\/grandoffice.fr\\\/#organization\"},\"potentialAction\":[{\"@type\":\"SearchAction\",\"target\":{\"@type\":\"EntryPoint\",\"urlTemplate\":\"http:\\\/\\\/grandoffice.fr\\\/?s={search_term_string}\"},\"query-input\":{\"@type\":\"PropertyValueSpecification\",\"valueRequired\":true,\"valueName\":\"search_term_string\"}}],\"inLanguage\":\"fr-FR\"},{\"@type\":\"Organization\",\"@id\":\"http:\\\/\\\/grandoffice.fr\\\/#organization\",\"name\":\"Grand Office\",\"url\":\"http:\\\/\\\/grandoffice.fr\\\/\",\"logo\":{\"@type\":\"ImageObject\",\"inLanguage\":\"fr-FR\",\"@id\":\"http:\\\/\\\/grandoffice.fr\\\/#\\\/schema\\\/logo\\\/image\\\/\",\"url\":\"https:\\\/\\\/grandoffice.fr\\\/wp-content\\\/uploads\\\/2026\\\/04\\\/Grand-Office-Traiteur-Reims.png\",\"contentUrl\":\"https:\\\/\\\/grandoffice.fr\\\/wp-content\\\/uploads\\\/2026\\\/04\\\/Grand-Office-Traiteur-Reims.png\",\"width\":785,\"height\":785,\"caption\":\"Grand Office\"},\"image\":{\"@id\":\"http:\\\/\\\/grandoffice.fr\\\/#\\\/schema\\\/logo\\\/image\\\/\"},\"sameAs\":[\"https:\\\/\\\/www.facebook.com\\\/profile.php?id=61573310752279\",\"https:\\\/\\\/www.linkedin.com\\\/company\\\/grandoffice\\\/?viewAsMember=true\",\"https:\\\/\\\/www.instagram.com\\\/grandoffice_traiteur\\\/\"]}]}<\/script>\n<!-- \/ Yoast SEO plugin. -->","yoast_head_json":{"title":"Grand Office - Contactez-nous","description":"Contactez-nous pour vos \u00e9v\u00e9nements sur-mesure. Notre \u00e9quipe vous accompagne pour cr\u00e9er une prestation haut de gamme en Champagne.","robots":{"index":"index","follow":"follow","max-snippet":"max-snippet:-1","max-image-preview":"max-image-preview:large","max-video-preview":"max-video-preview:-1"},"canonical":"https:\/\/grandoffice.fr\/index.php\/contact\/","og_locale":"fr_FR","og_type":"article","og_title":"Grand Office - Contactez-nous","og_description":"Contactez-nous pour vos \u00e9v\u00e9nements sur-mesure. Notre \u00e9quipe vous accompagne pour cr\u00e9er une prestation haut de gamme en Champagne.","og_url":"https:\/\/grandoffice.fr\/index.php\/contact\/","article_publisher":"https:\/\/www.facebook.com\/profile.php?id=61573310752279","article_modified_time":"2026-04-14T13:14:56+00:00","og_image":[{"width":1680,"height":945,"url":"https:\/\/grandoffice.fr\/wp-content\/uploads\/2026\/04\/Traiteur-Reims-Grand-Office.png","type":"image\/png"}],"twitter_card":"summary_large_image","twitter_misc":{"Dur\u00e9e de lecture estim\u00e9e":"1 minute"},"schema":{"@context":"https:\/\/schema.org","@graph":[{"@type":"WebPage","@id":"https:\/\/grandoffice.fr\/index.php\/contact\/","url":"https:\/\/grandoffice.fr\/index.php\/contact\/","name":"Grand Office - Contactez-nous","isPartOf":{"@id":"http:\/\/grandoffice.fr\/#website"},"primaryImageOfPage":{"@id":"https:\/\/grandoffice.fr\/index.php\/contact\/#primaryimage"},"image":{"@id":"https:\/\/grandoffice.fr\/index.php\/contact\/#primaryimage"},"thumbnailUrl":"https:\/\/grandoffice.fr\/wp-content\/uploads\/2026\/04\/Traiteur-Reims-Grand-Office.png","datePublished":"2026-04-05T20:49:53+00:00","dateModified":"2026-04-14T13:14:56+00:00","description":"Contactez-nous pour vos \u00e9v\u00e9nements sur-mesure. Notre \u00e9quipe vous accompagne pour cr\u00e9er une prestation haut de gamme en Champagne.","breadcrumb":{"@id":"https:\/\/grandoffice.fr\/index.php\/contact\/#breadcrumb"},"inLanguage":"fr-FR","potentialAction":[{"@type":"ReadAction","target":["https:\/\/grandoffice.fr\/index.php\/contact\/"]}]},{"@type":"ImageObject","inLanguage":"fr-FR","@id":"https:\/\/grandoffice.fr\/index.php\/contact\/#primaryimage","url":"https:\/\/grandoffice.fr\/wp-content\/uploads\/2026\/04\/Traiteur-Reims-Grand-Office.png","contentUrl":"https:\/\/grandoffice.fr\/wp-content\/uploads\/2026\/04\/Traiteur-Reims-Grand-Office.png","width":1680,"height":945},{"@type":"BreadcrumbList","@id":"https:\/\/grandoffice.fr\/index.php\/contact\/#breadcrumb","itemListElement":[{"@type":"ListItem","position":1,"name":"Accueil","item":"http:\/\/grandoffice.fr\/"},{"@type":"ListItem","position":2,"name":"Contact"}]},{"@type":"WebSite","@id":"http:\/\/grandoffice.fr\/#website","url":"http:\/\/grandoffice.fr\/","name":"Grand Office","description":"","publisher":{"@id":"http:\/\/grandoffice.fr\/#organization"},"potentialAction":[{"@type":"SearchAction","target":{"@type":"EntryPoint","urlTemplate":"http:\/\/grandoffice.fr\/?s={search_term_string}"},"query-input":{"@type":"PropertyValueSpecification","valueRequired":true,"valueName":"search_term_string"}}],"inLanguage":"fr-FR"},{"@type":"Organization","@id":"http:\/\/grandoffice.fr\/#organization","name":"Grand Office","url":"http:\/\/grandoffice.fr\/","logo":{"@type":"ImageObject","inLanguage":"fr-FR","@id":"http:\/\/grandoffice.fr\/#\/schema\/logo\/image\/","url":"https:\/\/grandoffice.fr\/wp-content\/uploads\/2026\/04\/Grand-Office-Traiteur-Reims.png","contentUrl":"https:\/\/grandoffice.fr\/wp-content\/uploads\/2026\/04\/Grand-Office-Traiteur-Reims.png","width":785,"height":785,"caption":"Grand Office"},"image":{"@id":"http:\/\/grandoffice.fr\/#\/schema\/logo\/image\/"},"sameAs":["https:\/\/www.facebook.com\/profile.php?id=61573310752279","https:\/\/www.linkedin.com\/company\/grandoffice\/?viewAsMember=true","https:\/\/www.instagram.com\/grandoffice_traiteur\/"]}]}},"_links":{"self":[{"href":"https:\/\/grandoffice.fr\/index.php\/wp-json\/wp\/v2\/pages\/168","targetHints":{"allow":["GET"]}}],"collection":[{"href":"https:\/\/grandoffice.fr\/index.php\/wp-json\/wp\/v2\/pages"}],"about":[{"href":"https:\/\/grandoffice.fr\/index.php\/wp-json\/wp\/v2\/types\/page"}],"author":[{"embeddable":true,"href":"https:\/\/grandoffice.fr\/index.php\/wp-json\/wp\/v2\/users\/2"}],"replies":[{"embeddable":true,"href":"https:\/\/grandoffice.fr\/index.php\/wp-json\/wp\/v2\/comments?post=168"}],"version-history":[{"count":37,"href":"https:\/\/grandoffice.fr\/index.php\/wp-json\/wp\/v2\/pages\/168\/revisions"}],"predecessor-version":[{"id":556,"href":"https:\/\/grandoffice.fr\/index.php\/wp-json\/wp\/v2\/pages\/168\/revisions\/556"}],"wp:featuredmedia":[{"embeddable":true,"href":"https:\/\/grandoffice.fr\/index.php\/wp-json\/wp\/v2\/media\/488"}],"wp:attachment":[{"href":"https:\/\/grandoffice.fr\/index.php\/wp-json\/wp\/v2\/media?parent=168"}],"curies":[{"name":"wp","href":"https:\/\/api.w.org\/{rel}","templated":true}]}}