{"id":453,"date":"2026-04-14T10:32:04","date_gmt":"2026-04-14T10:32:04","guid":{"rendered":"https:\/\/grandoffice.fr\/?page_id=453"},"modified":"2026-04-14T13:15:17","modified_gmt":"2026-04-14T13:15:17","slug":"mentions-legales","status":"publish","type":"page","link":"https:\/\/grandoffice.fr\/index.php\/mentions-legales\/","title":{"rendered":"Mentions L\u00e9gales"},"content":{"rendered":"\t\t<div data-elementor-type=\"wp-page\" data-elementor-id=\"453\" class=\"elementor elementor-453\">\n\t\t\t\t<div class=\"elementor-element elementor-element-1cd89fd e-flex e-con-boxed e-con e-parent\" data-id=\"1cd89fd\" data-element_type=\"container\" data-e-type=\"container\" data-settings=\"{&quot;background_background&quot;:&quot;classic&quot;}\">\n\t\t\t\t\t<div class=\"e-con-inner\">\n\t\t\t\t<div class=\"elementor-element elementor-element-c62d105 elementor-widget elementor-widget-spacer\" data-id=\"c62d105\" data-element_type=\"widget\" data-e-type=\"widget\" data-widget_type=\"spacer.default\">\n\t\t\t\t\t\t\t<div class=\"elementor-spacer\">\n\t\t\t<div class=\"elementor-spacer-inner\"><\/div>\n\t\t<\/div>\n\t\t\t\t\t\t<\/div>\n\t\t\t\t\t<\/div>\n\t\t\t\t<\/div>\n\t\t<div class=\"elementor-element elementor-element-022fe29 e-flex e-con-boxed e-con e-parent\" data-id=\"022fe29\" data-element_type=\"container\" data-e-type=\"container\">\n\t\t\t\t\t<div class=\"e-con-inner\">\n\t\t\t\t<div class=\"elementor-element elementor-element-9d36b7c elementor-widget elementor-widget-heading\" data-id=\"9d36b7c\" data-element_type=\"widget\" data-e-type=\"widget\" data-widget_type=\"heading.default\">\n\t\t\t\t\t<h2 class=\"elementor-heading-title elementor-size-default\">Mentions L\u00e9gales<\/h2>\t\t\t\t<\/div>\n\t\t\t\t<div class=\"elementor-element elementor-element-d56cf07 elementor-widget elementor-widget-text-editor\" data-id=\"d56cf07\" data-element_type=\"widget\" data-e-type=\"widget\" data-widget_type=\"text-editor.default\">\n\t\t\t\t\t\t\t\t\t<p>1. \u00c9diteur du site<\/p><p>Le pr\u00e9sent site est \u00e9dit\u00e9 par :<\/p><p><strong>PPH Traiteur<\/strong><br \/>9 rue Andr\u00e9 Pingat<br \/>51100 Reims \u2013 France<\/p><p>T\u00e9l\u00e9phone : 03 26 08 30 27<br \/>E-mail :\u00a0<a href=\"mailto:commercial@grandoffice.fr\">commercial@grandoffice.fr<\/a><\/p><p>Forme juridique : SAS<br \/>Capital social : 1 000 euros<br \/>Immatricul\u00e9 au RCS de Reims n\u00b0999 163 595<\/p><p>Directeur de la publication : Eric Pingat<\/p><p>Site internet r\u00e9alis\u00e9 par <a href=\"http:\/\/www.audexcom-reims.com\">AUDEXCOM &#8211; Agence de communication<\/a><\/p><p><strong>2. H\u00e9bergement<\/strong><\/p><p>Le site est h\u00e9berg\u00e9 par :<\/p><p>OVH SAS<br data-start=\"245\" data-end=\"248\" \/>2 rue Kellermann<br data-start=\"264\" data-end=\"267\" \/>59100 Roubaix<br data-start=\"280\" data-end=\"283\" \/>France<\/p><p><strong>3. Propri\u00e9t\u00e9 intellectuelle<\/strong><\/p><p>L\u2019ensemble du contenu pr\u00e9sent sur le site (textes, images, graphismes, logo, ic\u00f4nes, etc.) est la propri\u00e9t\u00e9 exclusive de <strong>PPH Traiteur<\/strong>, sauf mentions contraires.<\/p><p>Toute reproduction, repr\u00e9sentation, modification, publication ou adaptation, totale ou partielle, des \u00e9l\u00e9ments du site, quel que soit le moyen ou le proc\u00e9d\u00e9 utilis\u00e9, est interdite sans autorisation \u00e9crite pr\u00e9alable.<\/p><p><strong>4. Responsabilit\u00e9<\/strong><\/p><p>PPH Traiteur s\u2019efforce de fournir sur le site des informations aussi pr\u00e9cises que possible. Toutefois, la soci\u00e9t\u00e9 ne pourra \u00eatre tenue responsable des omissions, inexactitudes ou carences dans la mise \u00e0 jour.<\/p><p>L\u2019utilisateur du site reconna\u00eet utiliser ces informations sous sa responsabilit\u00e9 exclusive.<\/p><p><strong>5. Donn\u00e9es personnelles<\/strong><\/p><p>Les informations recueillies via les formulaires pr\u00e9sents sur le site sont destin\u00e9es exclusivement \u00e0 PPH Traiteur afin de traiter les demandes des utilisateurs.<\/p><p>Conform\u00e9ment au R\u00e8glement G\u00e9n\u00e9ral sur la Protection des Donn\u00e9es (RGPD), vous disposez des droits suivants :<\/p><ul><li><p>droit d\u2019acc\u00e8s<\/p><\/li><li><p>droit de rectification<\/p><\/li><li><p>droit de suppression<\/p><\/li><li><p>droit d\u2019opposition<\/p><\/li><\/ul><p>Pour exercer ces droits, vous pouvez contacter :\u00a0<a href=\"mailto:commercial@grandoffice.fr\">commercial@grandoffice.fr<\/a><\/p><p><strong>6. Cookies<\/strong><\/p><p>Le site peut \u00eatre amen\u00e9 \u00e0 utiliser des cookies \u00e0 des fins de mesure d\u2019audience ou de fonctionnement.<br \/>L\u2019utilisateur peut configurer son navigateur pour refuser l\u2019enregistrement des cookies.<\/p><p><strong>7. Droit applicable<\/strong><\/p><p>Le pr\u00e9sent site est soumis au droit fran\u00e7ais.<br \/>En cas de litige, et \u00e0 d\u00e9faut de r\u00e9solution amiable, les tribunaux fran\u00e7ais seront seuls comp\u00e9tents.<\/p>\t\t\t\t\t\t\t\t<\/div>\n\t\t\t\t\t<\/div>\n\t\t\t\t<\/div>\n\t\t\t\t<\/div>\n\t\t","protected":false},"excerpt":{"rendered":"<p>Mentions L\u00e9gales 1. \u00c9diteur du site Le pr\u00e9sent site est \u00e9dit\u00e9 par : PPH Traiteur9 rue Andr\u00e9 Pingat51100 Reims \u2013 [&hellip;]<\/p>\n","protected":false},"author":2,"featured_media":0,"parent":0,"menu_order":0,"comment_status":"open","ping_status":"closed","template":"elementor_header_footer","meta":{"site-sidebar-layout":"no-sidebar","site-content-layout":"","ast-site-content-layout":"full-width-container","site-content-style":"default","site-sidebar-style":"default","ast-global-header-display":"","ast-banner-title-visibility":"","ast-main-header-display":"","ast-hfb-above-header-display":"","ast-hfb-below-header-display":"","ast-hfb-mobile-header-display":"","site-post-title":"","ast-breadcrumbs-content":"","ast-featured-img":"disabled","footer-sml-layout":"","ast-disable-related-posts":"","theme-transparent-header-meta":"","adv-header-id-meta":"","stick-header-meta":"","header-above-stick-meta":"","header-main-stick-meta":"","header-below-stick-meta":"","astra-migrate-meta-layouts":"default","ast-page-background-enabled":"default","ast-page-background-meta":{"desktop":{"background-color":"var(--ast-global-color-5)","background-image":"","background-repeat":"repeat","background-position":"center center","background-size":"auto","background-attachment":"scroll","background-type":"","background-media":"","overlay-type":"","overlay-color":"","overlay-opacity":"","overlay-gradient":""},"tablet":{"background-color":"","background-image":"","background-repeat":"repeat","background-position":"center center","background-size":"auto","background-attachment":"scroll","background-type":"","background-media":"","overlay-type":"","overlay-color":"","overlay-opacity":"","overlay-gradient":""},"mobile":{"background-color":"","background-image":"","background-repeat":"repeat","background-position":"center center","background-size":"auto","background-attachment":"scroll","background-type":"","background-media":"","overlay-type":"","overlay-color":"","overlay-opacity":"","overlay-gradient":""}},"ast-content-background-meta":{"desktop":{"background-color":"var(--ast-global-color-4)","background-image":"","background-repeat":"repeat","background-position":"center center","background-size":"auto","background-attachment":"scroll","background-type":"","background-media":"","overlay-type":"","overlay-color":"","overlay-opacity":"","overlay-gradient":""},"tablet":{"background-color":"var(--ast-global-color-4)","background-image":"","background-repeat":"repeat","background-position":"center center","background-size":"auto","background-attachment":"scroll","background-type":"","background-media":"","overlay-type":"","overlay-color":"","overlay-opacity":"","overlay-gradient":""},"mobile":{"background-color":"var(--ast-global-color-4)","background-image":"","background-repeat":"repeat","background-position":"center center","background-size":"auto","background-attachment":"scroll","background-type":"","background-media":"","overlay-type":"","overlay-color":"","overlay-opacity":"","overlay-gradient":""}},"footnotes":""},"class_list":["post-453","page","type-page","status-publish","hentry"],"yoast_head":"<!-- This site is optimized with the Yoast SEO plugin v27.4 - https:\/\/yoast.com\/product\/yoast-seo-wordpress\/ -->\n<title>Mentions L\u00e9gales -<\/title>\n<meta name=\"robots\" content=\"index, follow, max-snippet:-1, max-image-preview:large, max-video-preview:-1\" \/>\n<link rel=\"canonical\" href=\"https:\/\/grandoffice.fr\/index.php\/mentions-legales\/\" \/>\n<meta property=\"og:locale\" content=\"fr_FR\" \/>\n<meta property=\"og:type\" content=\"article\" \/>\n<meta property=\"og:title\" content=\"Mentions L\u00e9gales -\" \/>\n<meta property=\"og:description\" content=\"Mentions L\u00e9gales 1. \u00c9diteur du site Le pr\u00e9sent site est \u00e9dit\u00e9 par : PPH Traiteur9 rue Andr\u00e9 Pingat51100 Reims \u2013 [&hellip;]\" \/>\n<meta property=\"og:url\" content=\"https:\/\/grandoffice.fr\/index.php\/mentions-legales\/\" \/>\n<meta property=\"article:publisher\" content=\"https:\/\/www.facebook.com\/profile.php?id=61573310752279\" \/>\n<meta property=\"article:modified_time\" content=\"2026-04-14T13:15:17+00:00\" \/>\n<meta name=\"twitter:card\" content=\"summary_large_image\" \/>\n<meta name=\"twitter:label1\" content=\"Dur\u00e9e de lecture estim\u00e9e\" \/>\n\t<meta name=\"twitter:data1\" content=\"1 minute\" \/>\n<script type=\"application\/ld+json\" class=\"yoast-schema-graph\">{\"@context\":\"https:\\\/\\\/schema.org\",\"@graph\":[{\"@type\":\"WebPage\",\"@id\":\"https:\\\/\\\/grandoffice.fr\\\/index.php\\\/mentions-legales\\\/\",\"url\":\"https:\\\/\\\/grandoffice.fr\\\/index.php\\\/mentions-legales\\\/\",\"name\":\"Mentions L\u00e9gales -\",\"isPartOf\":{\"@id\":\"http:\\\/\\\/grandoffice.fr\\\/#website\"},\"datePublished\":\"2026-04-14T10:32:04+00:00\",\"dateModified\":\"2026-04-14T13:15:17+00:00\",\"breadcrumb\":{\"@id\":\"https:\\\/\\\/grandoffice.fr\\\/index.php\\\/mentions-legales\\\/#breadcrumb\"},\"inLanguage\":\"fr-FR\",\"potentialAction\":[{\"@type\":\"ReadAction\",\"target\":[\"https:\\\/\\\/grandoffice.fr\\\/index.php\\\/mentions-legales\\\/\"]}]},{\"@type\":\"BreadcrumbList\",\"@id\":\"https:\\\/\\\/grandoffice.fr\\\/index.php\\\/mentions-legales\\\/#breadcrumb\",\"itemListElement\":[{\"@type\":\"ListItem\",\"position\":1,\"name\":\"Accueil\",\"item\":\"http:\\\/\\\/grandoffice.fr\\\/\"},{\"@type\":\"ListItem\",\"position\":2,\"name\":\"Mentions L\u00e9gales\"}]},{\"@type\":\"WebSite\",\"@id\":\"http:\\\/\\\/grandoffice.fr\\\/#website\",\"url\":\"http:\\\/\\\/grandoffice.fr\\\/\",\"name\":\"Grand Office\",\"description\":\"\",\"publisher\":{\"@id\":\"http:\\\/\\\/grandoffice.fr\\\/#organization\"},\"potentialAction\":[{\"@type\":\"SearchAction\",\"target\":{\"@type\":\"EntryPoint\",\"urlTemplate\":\"http:\\\/\\\/grandoffice.fr\\\/?s={search_term_string}\"},\"query-input\":{\"@type\":\"PropertyValueSpecification\",\"valueRequired\":true,\"valueName\":\"search_term_string\"}}],\"inLanguage\":\"fr-FR\"},{\"@type\":\"Organization\",\"@id\":\"http:\\\/\\\/grandoffice.fr\\\/#organization\",\"name\":\"Grand Office\",\"url\":\"http:\\\/\\\/grandoffice.fr\\\/\",\"logo\":{\"@type\":\"ImageObject\",\"inLanguage\":\"fr-FR\",\"@id\":\"http:\\\/\\\/grandoffice.fr\\\/#\\\/schema\\\/logo\\\/image\\\/\",\"url\":\"https:\\\/\\\/grandoffice.fr\\\/wp-content\\\/uploads\\\/2026\\\/04\\\/Grand-Office-Traiteur-Reims.png\",\"contentUrl\":\"https:\\\/\\\/grandoffice.fr\\\/wp-content\\\/uploads\\\/2026\\\/04\\\/Grand-Office-Traiteur-Reims.png\",\"width\":785,\"height\":785,\"caption\":\"Grand Office\"},\"image\":{\"@id\":\"http:\\\/\\\/grandoffice.fr\\\/#\\\/schema\\\/logo\\\/image\\\/\"},\"sameAs\":[\"https:\\\/\\\/www.facebook.com\\\/profile.php?id=61573310752279\",\"https:\\\/\\\/www.linkedin.com\\\/company\\\/grandoffice\\\/?viewAsMember=true\",\"https:\\\/\\\/www.instagram.com\\\/grandoffice_traiteur\\\/\"]}]}<\/script>\n<!-- \/ Yoast SEO plugin. -->","yoast_head_json":{"title":"Mentions L\u00e9gales -","robots":{"index":"index","follow":"follow","max-snippet":"max-snippet:-1","max-image-preview":"max-image-preview:large","max-video-preview":"max-video-preview:-1"},"canonical":"https:\/\/grandoffice.fr\/index.php\/mentions-legales\/","og_locale":"fr_FR","og_type":"article","og_title":"Mentions L\u00e9gales -","og_description":"Mentions L\u00e9gales 1. \u00c9diteur du site Le pr\u00e9sent site est \u00e9dit\u00e9 par : PPH Traiteur9 rue Andr\u00e9 Pingat51100 Reims \u2013 [&hellip;]","og_url":"https:\/\/grandoffice.fr\/index.php\/mentions-legales\/","article_publisher":"https:\/\/www.facebook.com\/profile.php?id=61573310752279","article_modified_time":"2026-04-14T13:15:17+00:00","twitter_card":"summary_large_image","twitter_misc":{"Dur\u00e9e de lecture estim\u00e9e":"1 minute"},"schema":{"@context":"https:\/\/schema.org","@graph":[{"@type":"WebPage","@id":"https:\/\/grandoffice.fr\/index.php\/mentions-legales\/","url":"https:\/\/grandoffice.fr\/index.php\/mentions-legales\/","name":"Mentions L\u00e9gales -","isPartOf":{"@id":"http:\/\/grandoffice.fr\/#website"},"datePublished":"2026-04-14T10:32:04+00:00","dateModified":"2026-04-14T13:15:17+00:00","breadcrumb":{"@id":"https:\/\/grandoffice.fr\/index.php\/mentions-legales\/#breadcrumb"},"inLanguage":"fr-FR","potentialAction":[{"@type":"ReadAction","target":["https:\/\/grandoffice.fr\/index.php\/mentions-legales\/"]}]},{"@type":"BreadcrumbList","@id":"https:\/\/grandoffice.fr\/index.php\/mentions-legales\/#breadcrumb","itemListElement":[{"@type":"ListItem","position":1,"name":"Accueil","item":"http:\/\/grandoffice.fr\/"},{"@type":"ListItem","position":2,"name":"Mentions L\u00e9gales"}]},{"@type":"WebSite","@id":"http:\/\/grandoffice.fr\/#website","url":"http:\/\/grandoffice.fr\/","name":"Grand Office","description":"","publisher":{"@id":"http:\/\/grandoffice.fr\/#organization"},"potentialAction":[{"@type":"SearchAction","target":{"@type":"EntryPoint","urlTemplate":"http:\/\/grandoffice.fr\/?s={search_term_string}"},"query-input":{"@type":"PropertyValueSpecification","valueRequired":true,"valueName":"search_term_string"}}],"inLanguage":"fr-FR"},{"@type":"Organization","@id":"http:\/\/grandoffice.fr\/#organization","name":"Grand Office","url":"http:\/\/grandoffice.fr\/","logo":{"@type":"ImageObject","inLanguage":"fr-FR","@id":"http:\/\/grandoffice.fr\/#\/schema\/logo\/image\/","url":"https:\/\/grandoffice.fr\/wp-content\/uploads\/2026\/04\/Grand-Office-Traiteur-Reims.png","contentUrl":"https:\/\/grandoffice.fr\/wp-content\/uploads\/2026\/04\/Grand-Office-Traiteur-Reims.png","width":785,"height":785,"caption":"Grand Office"},"image":{"@id":"http:\/\/grandoffice.fr\/#\/schema\/logo\/image\/"},"sameAs":["https:\/\/www.facebook.com\/profile.php?id=61573310752279","https:\/\/www.linkedin.com\/company\/grandoffice\/?viewAsMember=true","https:\/\/www.instagram.com\/grandoffice_traiteur\/"]}]}},"_links":{"self":[{"href":"https:\/\/grandoffice.fr\/index.php\/wp-json\/wp\/v2\/pages\/453","targetHints":{"allow":["GET"]}}],"collection":[{"href":"https:\/\/grandoffice.fr\/index.php\/wp-json\/wp\/v2\/pages"}],"about":[{"href":"https:\/\/grandoffice.fr\/index.php\/wp-json\/wp\/v2\/types\/page"}],"author":[{"embeddable":true,"href":"https:\/\/grandoffice.fr\/index.php\/wp-json\/wp\/v2\/users\/2"}],"replies":[{"embeddable":true,"href":"https:\/\/grandoffice.fr\/index.php\/wp-json\/wp\/v2\/comments?post=453"}],"version-history":[{"count":23,"href":"https:\/\/grandoffice.fr\/index.php\/wp-json\/wp\/v2\/pages\/453\/revisions"}],"predecessor-version":[{"id":559,"href":"https:\/\/grandoffice.fr\/index.php\/wp-json\/wp\/v2\/pages\/453\/revisions\/559"}],"wp:attachment":[{"href":"https:\/\/grandoffice.fr\/index.php\/wp-json\/wp\/v2\/media?parent=453"}],"curies":[{"name":"wp","href":"https:\/\/api.w.org\/{rel}","templated":true}]}}